{"id":1025,"date":"2025-03-15T14:10:58","date_gmt":"2025-03-15T17:10:58","guid":{"rendered":"https:\/\/startaai.com.br\/?page_id=1025"},"modified":"2025-03-16T14:38:33","modified_gmt":"2025-03-16T17:38:33","slug":"politica-de-cookies","status":"publish","type":"page","link":"https:\/\/startaai.com.br\/index.php\/politica-de-cookies\/","title":{"rendered":"Pol\u00edtica de Cookies"},"content":{"rendered":"\t\t<div data-elementor-type=\"wp-page\" data-elementor-id=\"1025\" class=\"elementor elementor-1025\" data-elementor-post-type=\"page\">\n\t\t\t\t<div class=\"elementor-element elementor-element-d812a97 e-flex e-con-boxed e-con e-parent\" data-id=\"d812a97\" data-element_type=\"container\" data-settings=\"{&quot;background_background&quot;:&quot;classic&quot;}\">\n\t\t\t\t\t<div class=\"e-con-inner\">\n\t\t<div class=\"elementor-element elementor-element-94fc587 e-con-full e-flex e-con e-child\" data-id=\"94fc587\" data-element_type=\"container\">\n\t\t\t\t<div class=\"elementor-element elementor-element-2a473a8 elementor-widget elementor-widget-heading\" data-id=\"2a473a8\" data-element_type=\"widget\" data-widget_type=\"heading.default\">\n\t\t\t\t<div class=\"elementor-widget-container\">\n\t\t\t<style>\/*! elementor - v3.22.0 - 26-06-2024 *\/\n.elementor-heading-title{padding:0;margin:0;line-height:1}.elementor-widget-heading .elementor-heading-title[class*=elementor-size-]>a{color:inherit;font-size:inherit;line-height:inherit}.elementor-widget-heading .elementor-heading-title.elementor-size-small{font-size:15px}.elementor-widget-heading .elementor-heading-title.elementor-size-medium{font-size:19px}.elementor-widget-heading .elementor-heading-title.elementor-size-large{font-size:29px}.elementor-widget-heading .elementor-heading-title.elementor-size-xl{font-size:39px}.elementor-widget-heading .elementor-heading-title.elementor-size-xxl{font-size:59px}<\/style><h2 class=\"elementor-heading-title elementor-size-default\">Pol\u00edtica de Cookies<\/h2>\t\t<\/div>\n\t\t\t\t<\/div>\n\t\t\t\t<\/div>\n\t\t<div class=\"elementor-element elementor-element-16b952b e-con-full e-flex e-con e-child\" data-id=\"16b952b\" data-element_type=\"container\">\n\t\t\t\t<div class=\"elementor-element elementor-element-81eea55 elementor-widget elementor-widget-spacer\" data-id=\"81eea55\" data-element_type=\"widget\" data-widget_type=\"spacer.default\">\n\t\t\t\t<div class=\"elementor-widget-container\">\n\t\t\t<style>\/*! elementor - v3.22.0 - 26-06-2024 *\/\n.elementor-column .elementor-spacer-inner{height:var(--spacer-size)}.e-con{--container-widget-width:100%}.e-con-inner>.elementor-widget-spacer,.e-con>.elementor-widget-spacer{width:var(--container-widget-width,var(--spacer-size));--align-self:var(--container-widget-align-self,initial);--flex-shrink:0}.e-con-inner>.elementor-widget-spacer>.elementor-widget-container,.e-con>.elementor-widget-spacer>.elementor-widget-container{height:100%;width:100%}.e-con-inner>.elementor-widget-spacer>.elementor-widget-container>.elementor-spacer,.e-con>.elementor-widget-spacer>.elementor-widget-container>.elementor-spacer{height:100%}.e-con-inner>.elementor-widget-spacer>.elementor-widget-container>.elementor-spacer>.elementor-spacer-inner,.e-con>.elementor-widget-spacer>.elementor-widget-container>.elementor-spacer>.elementor-spacer-inner{height:var(--container-widget-height,var(--spacer-size))}.e-con-inner>.elementor-widget-spacer.elementor-widget-empty,.e-con>.elementor-widget-spacer.elementor-widget-empty{position:relative;min-height:22px;min-width:22px}.e-con-inner>.elementor-widget-spacer.elementor-widget-empty .elementor-widget-empty-icon,.e-con>.elementor-widget-spacer.elementor-widget-empty .elementor-widget-empty-icon{position:absolute;top:0;bottom:0;left:0;right:0;margin:auto;padding:0;width:22px;height:22px}<\/style>\t\t<div class=\"elementor-spacer\">\n\t\t\t<div class=\"elementor-spacer-inner\"><\/div>\n\t\t<\/div>\n\t\t\t\t<\/div>\n\t\t\t\t<\/div>\n\t\t\t\t<\/div>\n\t\t\t\t\t<\/div>\n\t\t\t\t<\/div>\n\t\t<div class=\"elementor-element elementor-element-507543f e-flex e-con-boxed e-con e-parent\" data-id=\"507543f\" data-element_type=\"container\">\n\t\t\t\t\t<div class=\"e-con-inner\">\n\t\t<div class=\"elementor-element elementor-element-49a58b0 e-con-full e-flex e-con e-child\" data-id=\"49a58b0\" data-element_type=\"container\">\n\t\t\t\t<div class=\"elementor-element elementor-element-5b36b4d elementor-widget elementor-widget-text-editor\" data-id=\"5b36b4d\" data-element_type=\"widget\" data-widget_type=\"text-editor.default\">\n\t\t\t\t<div class=\"elementor-widget-container\">\n\t\t\t<style>\/*! elementor - v3.22.0 - 26-06-2024 *\/\n.elementor-widget-text-editor.elementor-drop-cap-view-stacked .elementor-drop-cap{background-color:#69727d;color:#fff}.elementor-widget-text-editor.elementor-drop-cap-view-framed .elementor-drop-cap{color:#69727d;border:3px solid;background-color:transparent}.elementor-widget-text-editor:not(.elementor-drop-cap-view-default) .elementor-drop-cap{margin-top:8px}.elementor-widget-text-editor:not(.elementor-drop-cap-view-default) .elementor-drop-cap-letter{width:1em;height:1em}.elementor-widget-text-editor .elementor-drop-cap{float:left;text-align:center;line-height:1;font-size:50px}.elementor-widget-text-editor .elementor-drop-cap-letter{display:inline-block}<\/style>\t\t\t\t<p>A<strong> Start Investimentos<\/strong> informa que utiliza <em>cookies <\/em>em seus sites e sistemas para coletar determinadas informa\u00e7\u00f5es dos usu\u00e1rios, utilizando esta Pol\u00edtica para esclarecer a coleta e utiliza\u00e7\u00e3o de <em>cookies<\/em> enquanto os usu\u00e1rios navegam pelas subp\u00e1ginas do site.<\/p><p>A<strong> Start Investimentos<\/strong> tamb\u00e9m est\u00e1 presente em diversas redes sociais, tais como Instagram e LinkedIn. Entretanto, \u00e9 dever do usu\u00e1rio visitar a Pol\u00edtica de Cookies e Pol\u00edtica de Privacidade desses sites para ter conhecimento a respeito dos controles de privacidade e marketing que essas plataformas utilizam, de modo que A<strong> Start Investimentos<\/strong> n\u00e3o se responsabiliza por qualquer irregularidade existente no tratamento de dados das redes sociais supracitadas.<\/p><ol><li><strong>O QUE S\u00c3O COOKIES?<\/strong><strong style=\"font-size: 16px;\">\u00a0<\/strong><\/li><\/ol><p><em>Cookies<\/em> s\u00e3o arquivos que cont\u00e9m pequenos fragmentos de dados que o site envia ao navegador do usu\u00e1rio com dados a respeito do perfil e comportamento de navega\u00e7\u00e3o nas p\u00e1ginas e subp\u00e1ginas da web, tendo como objetivo memorizar as informa\u00e7\u00f5es das visitas realizadas pelo usu\u00e1rio, com o intuito de melhorar sua pr\u00f3xima navega\u00e7\u00e3o pelo site.<\/p><ol start=\"2\"><li><strong> COMO OS COOKIES S\u00c3O UTILIZADOS?<\/strong><\/li><\/ol><p>Os <em>cookies<\/em> coletam apenas informa\u00e7\u00f5es gen\u00e9ricas, sem que ocorra o registro de dados pessoais. Eles s\u00e3o usados exclusivamente para entender como os usu\u00e1rios utilizam a p\u00e1gina, a fim de identificar suas prefer\u00eancias.<\/p><p>Os <em>cookies<\/em> precisam ser aceitos para que ocorra o seu funcionamento. Entretanto, com exce\u00e7\u00e3o dos <em>cookies<\/em> necess\u00e1rios para funcionamento do site, eles podem ser recusados, de forma que n\u00e3o ser\u00e1 realizada nenhuma coleta com rela\u00e7\u00e3o a esses. Cumpre ressaltar que a recusa dos <em>cookies<\/em> n\u00e3o obrigat\u00f3rios pode impedir que alguns servi\u00e7os funcionem de forma correta, podendo afetar de forma parcial ou total a navega\u00e7\u00e3o no site.<\/p><p><em>Cookies <\/em>de terceiros tamb\u00e9m s\u00e3o utilizados para analisar como o usu\u00e1rio utiliza o site, armazenar suas prefer\u00eancias e fornecer conte\u00fados e an\u00fancios relevantes.<\/p><ol start=\"3\"><li><strong> QUAIS OS TIPOS DE COOKIES UTILIZADOS?<\/strong><\/li><\/ol><p><u>Cookies Necess\u00e1rios<\/u>: s\u00e3o imprescind\u00edveis para o funcionamento do site, permitindo recursos b\u00e1sicos, como login seguro e ajustes de prefer\u00eancias. N\u00e3o armazenam dados pessoais identific\u00e1veis e n\u00e3o podem ser desativados.<\/p><p><u>Cookies de Marketing<\/u>: s\u00e3o usados para apresentar an\u00fancios mais relevantes para voc\u00ea e seus interesses. Eles tamb\u00e9m podem ser usados para limitar o n\u00famero de vezes que voc\u00ea v\u00ea um an\u00fancio e medir a efic\u00e1cia das campanhas publicit\u00e1rias.<\/p><p><u>Cookies de Personaliza\u00e7\u00e3o<\/u>: permitem que o site se lembre das suas op\u00e7\u00f5es (como nome de usu\u00e1rio, idioma ou regi\u00e3o em que voc\u00ea se encontra) e fornecem recursos aprimorados e mais personalizados.<\/p><p><u>Cookies Anal\u00edticos<\/u>: nos ajudam a entender o desempenho do site, como os visitantes interagem com ele e se h\u00e1 problemas t\u00e9cnicos. Os dados s\u00e3o coletados de maneira anonimizada.<\/p><ol start=\"4\"><li><strong> PRAZO DE DURA\u00c7\u00c3O DOS COOKIES <\/strong><\/li><\/ol><p>Os cookies coletados pelo site da<strong> Start Investimentos<\/strong> s\u00e3o armazenados enquanto houver necessidade para sua finalidade, conforme estabelecido pela Lei Geral de Prote\u00e7\u00e3o de Dados (Lei n. 13709\/2018). Ainda, os dados cadastrais e os dados de Identifica\u00e7\u00e3o Digital s\u00e3o exclu\u00eddos imediatamente ap\u00f3s o t\u00e9rmino de sua finalidade.<\/p><p>Quaisquer altera\u00e7\u00f5es no uso de cookies presentes no site ser\u00e3o informadas nesta pr\u00f3pria Pol\u00edtica de Cookies, que ser\u00e1 atualizada periodicamente, conforme necessidade.<\/p><p>Em caso de d\u00favidas, entre em contato com o DPO da<strong> Start Investimentos <\/strong>atrav\u00e9s do e-mail <strong>mkt@startaai.com.br<\/strong><strong><u>. <\/u><\/strong><\/p><ol start=\"5\"><li><strong> DISPOSI\u00c7\u00d5ES FINAIS <\/strong><\/li><\/ol><p>O usu\u00e1rio pode, a qualquer momento, alterar suas prefer\u00eancias e desativar parte ou a totalidade dos cookies, exceto os essenciais. A <strong>recusa<\/strong> de determinados cookies pode impactar o funcionamento de alguns servi\u00e7os, afetando parcial ou totalmente a navega\u00e7\u00e3o no site.<\/p><p><em>\u00daltima atualiza\u00e7\u00e3o em 17 de mar\u00e7o de 2025.<\/em><\/p><p>\u00a0<\/p>\t\t\t\t\t\t<\/div>\n\t\t\t\t<\/div>\n\t\t\t\t<\/div>\n\t\t\t\t\t<\/div>\n\t\t\t\t<\/div>\n\t\t\t\t<\/div>\n\t\t","protected":false},"excerpt":{"rendered":"<p>Pol\u00edtica de Cookies A Start Investimentos informa que utiliza cookies em seus sites e sistemas para coletar determinadas informa\u00e7\u00f5es dos [&hellip;]<\/p>\n","protected":false},"author":1,"featured_media":0,"parent":0,"menu_order":0,"comment_status":"closed","ping_status":"closed","template":"elementor_canvas","meta":{"_monsterinsights_skip_tracking":false,"_monsterinsights_sitenote_active":false,"_monsterinsights_sitenote_note":"","_monsterinsights_sitenote_category":0,"site-sidebar-layout":"no-sidebar","site-content-layout":"","ast-site-content-layout":"full-width-container","site-content-style":"default","site-sidebar-style":"default","ast-global-header-display":"","ast-banner-title-visibility":"","ast-main-header-display":"","ast-hfb-above-header-display":"","ast-hfb-below-header-display":"","ast-hfb-mobile-header-display":"","site-post-title":"disabled","ast-breadcrumbs-content":"","ast-featured-img":"disabled","footer-sml-layout":"","theme-transparent-header-meta":"","adv-header-id-meta":"","stick-header-meta":"","header-above-stick-meta":"","header-main-stick-meta":"","header-below-stick-meta":"","astra-migrate-meta-layouts":"default","ast-page-background-enabled":"default","ast-page-background-meta":{"desktop":{"background-color":"var(--ast-global-color-4)","background-image":"","background-repeat":"repeat","background-position":"center center","background-size":"auto","background-attachment":"scroll","background-type":"","background-media":"","overlay-type":"","overlay-color":"","overlay-gradient":""},"tablet":{"background-color":"","background-image":"","background-repeat":"repeat","background-position":"center center","background-size":"auto","background-attachment":"scroll","background-type":"","background-media":"","overlay-type":"","overlay-color":"","overlay-gradient":""},"mobile":{"background-color":"","background-image":"","background-repeat":"repeat","background-position":"center center","background-size":"auto","background-attachment":"scroll","background-type":"","background-media":"","overlay-type":"","overlay-color":"","overlay-gradient":""}},"ast-content-background-meta":{"desktop":{"background-color":"var(--ast-global-color-5)","background-image":"","background-repeat":"repeat","background-position":"center center","background-size":"auto","background-attachment":"scroll","background-type":"","background-media":"","overlay-type":"","overlay-color":"","overlay-gradient":""},"tablet":{"background-color":"var(--ast-global-color-5)","background-image":"","background-repeat":"repeat","background-position":"center center","background-size":"auto","background-attachment":"scroll","background-type":"","background-media":"","overlay-type":"","overlay-color":"","overlay-gradient":""},"mobile":{"background-color":"var(--ast-global-color-5)","background-image":"","background-repeat":"repeat","background-position":"center center","background-size":"auto","background-attachment":"scroll","background-type":"","background-media":"","overlay-type":"","overlay-color":"","overlay-gradient":""}},"_joinchat":[],"footnotes":""},"class_list":["post-1025","page","type-page","status-publish","hentry"],"_links":{"self":[{"href":"https:\/\/startaai.com.br\/index.php\/wp-json\/wp\/v2\/pages\/1025"}],"collection":[{"href":"https:\/\/startaai.com.br\/index.php\/wp-json\/wp\/v2\/pages"}],"about":[{"href":"https:\/\/startaai.com.br\/index.php\/wp-json\/wp\/v2\/types\/page"}],"author":[{"embeddable":true,"href":"https:\/\/startaai.com.br\/index.php\/wp-json\/wp\/v2\/users\/1"}],"replies":[{"embeddable":true,"href":"https:\/\/startaai.com.br\/index.php\/wp-json\/wp\/v2\/comments?post=1025"}],"version-history":[{"count":13,"href":"https:\/\/startaai.com.br\/index.php\/wp-json\/wp\/v2\/pages\/1025\/revisions"}],"predecessor-version":[{"id":1139,"href":"https:\/\/startaai.com.br\/index.php\/wp-json\/wp\/v2\/pages\/1025\/revisions\/1139"}],"wp:attachment":[{"href":"https:\/\/startaai.com.br\/index.php\/wp-json\/wp\/v2\/media?parent=1025"}],"curies":[{"name":"wp","href":"https:\/\/api.w.org\/{rel}","templated":true}]}}