{"id":104,"date":"2024-03-04T15:58:03","date_gmt":"2024-03-04T18:58:03","guid":{"rendered":"https:\/\/startaai.net\/?page_id=104"},"modified":"2025-03-16T14:24:53","modified_gmt":"2025-03-16T17:24:53","slug":"comites","status":"publish","type":"page","link":"https:\/\/startaai.com.br\/index.php\/comites\/","title":{"rendered":"Comit\u00eas"},"content":{"rendered":"\t\t<div data-elementor-type=\"wp-page\" data-elementor-id=\"104\" class=\"elementor elementor-104\" data-elementor-post-type=\"page\">\n\t\t\t\t<div class=\"elementor-element elementor-element-d812a97 e-flex e-con-boxed e-con e-parent\" data-id=\"d812a97\" data-element_type=\"container\" data-settings=\"{&quot;background_background&quot;:&quot;classic&quot;}\">\n\t\t\t\t\t<div class=\"e-con-inner\">\n\t\t<div class=\"elementor-element elementor-element-94fc587 e-con-full e-flex e-con e-child\" data-id=\"94fc587\" data-element_type=\"container\">\n\t\t\t\t<div class=\"elementor-element elementor-element-2a473a8 elementor-widget elementor-widget-heading\" data-id=\"2a473a8\" data-element_type=\"widget\" data-widget_type=\"heading.default\">\n\t\t\t\t<div class=\"elementor-widget-container\">\n\t\t\t<style>\/*! elementor - v3.22.0 - 26-06-2024 *\/\n.elementor-heading-title{padding:0;margin:0;line-height:1}.elementor-widget-heading .elementor-heading-title[class*=elementor-size-]>a{color:inherit;font-size:inherit;line-height:inherit}.elementor-widget-heading .elementor-heading-title.elementor-size-small{font-size:15px}.elementor-widget-heading .elementor-heading-title.elementor-size-medium{font-size:19px}.elementor-widget-heading .elementor-heading-title.elementor-size-large{font-size:29px}.elementor-widget-heading .elementor-heading-title.elementor-size-xl{font-size:39px}.elementor-widget-heading .elementor-heading-title.elementor-size-xxl{font-size:59px}<\/style><h2 class=\"elementor-heading-title elementor-size-default\">Comit\u00eas<\/h2>\t\t<\/div>\n\t\t\t\t<\/div>\n\t\t\t\t<\/div>\n\t\t<div class=\"elementor-element elementor-element-16b952b e-con-full e-flex e-con e-child\" data-id=\"16b952b\" data-element_type=\"container\">\n\t\t\t\t<div class=\"elementor-element elementor-element-81eea55 elementor-widget elementor-widget-spacer\" data-id=\"81eea55\" data-element_type=\"widget\" data-widget_type=\"spacer.default\">\n\t\t\t\t<div class=\"elementor-widget-container\">\n\t\t\t<style>\/*! elementor - v3.22.0 - 26-06-2024 *\/\n.elementor-column .elementor-spacer-inner{height:var(--spacer-size)}.e-con{--container-widget-width:100%}.e-con-inner>.elementor-widget-spacer,.e-con>.elementor-widget-spacer{width:var(--container-widget-width,var(--spacer-size));--align-self:var(--container-widget-align-self,initial);--flex-shrink:0}.e-con-inner>.elementor-widget-spacer>.elementor-widget-container,.e-con>.elementor-widget-spacer>.elementor-widget-container{height:100%;width:100%}.e-con-inner>.elementor-widget-spacer>.elementor-widget-container>.elementor-spacer,.e-con>.elementor-widget-spacer>.elementor-widget-container>.elementor-spacer{height:100%}.e-con-inner>.elementor-widget-spacer>.elementor-widget-container>.elementor-spacer>.elementor-spacer-inner,.e-con>.elementor-widget-spacer>.elementor-widget-container>.elementor-spacer>.elementor-spacer-inner{height:var(--container-widget-height,var(--spacer-size))}.e-con-inner>.elementor-widget-spacer.elementor-widget-empty,.e-con>.elementor-widget-spacer.elementor-widget-empty{position:relative;min-height:22px;min-width:22px}.e-con-inner>.elementor-widget-spacer.elementor-widget-empty .elementor-widget-empty-icon,.e-con>.elementor-widget-spacer.elementor-widget-empty .elementor-widget-empty-icon{position:absolute;top:0;bottom:0;left:0;right:0;margin:auto;padding:0;width:22px;height:22px}<\/style>\t\t<div class=\"elementor-spacer\">\n\t\t\t<div class=\"elementor-spacer-inner\"><\/div>\n\t\t<\/div>\n\t\t\t\t<\/div>\n\t\t\t\t<\/div>\n\t\t\t\t<\/div>\n\t\t\t\t\t<\/div>\n\t\t\t\t<\/div>\n\t\t<div class=\"elementor-element elementor-element-507543f e-flex e-con-boxed e-con e-parent\" data-id=\"507543f\" data-element_type=\"container\">\n\t\t\t\t\t<div class=\"e-con-inner\">\n\t\t<div class=\"elementor-element elementor-element-9818239 e-con-full e-flex e-con e-child\" data-id=\"9818239\" data-element_type=\"container\">\n\t\t\t\t<div class=\"elementor-element elementor-element-afee907 elementor-widget elementor-widget-image\" data-id=\"afee907\" data-element_type=\"widget\" data-widget_type=\"image.default\">\n\t\t\t\t<div class=\"elementor-widget-container\">\n\t\t\t<style>\/*! elementor - v3.22.0 - 26-06-2024 *\/\n.elementor-widget-image{text-align:center}.elementor-widget-image a{display:inline-block}.elementor-widget-image a img[src$=\".svg\"]{width:48px}.elementor-widget-image img{vertical-align:middle;display:inline-block}<\/style>\t\t\t\t\t\t\t\t\t\t<img fetchpriority=\"high\" decoding=\"async\" width=\"638\" height=\"616\" src=\"https:\/\/startaai.com.br\/wp-content\/uploads\/2024\/06\/COMITE1-1.webp\" class=\"attachment-large size-large wp-image-632\" alt=\"\" srcset=\"https:\/\/startaai.com.br\/wp-content\/uploads\/2024\/06\/COMITE1-1.webp 638w, https:\/\/startaai.com.br\/wp-content\/uploads\/2024\/06\/COMITE1-1-300x290.webp 300w\" sizes=\"(max-width: 638px) 100vw, 638px\" \/>\t\t\t\t\t\t\t\t\t\t\t\t\t<\/div>\n\t\t\t\t<\/div>\n\t\t\t\t<\/div>\n\t\t<div class=\"elementor-element elementor-element-49a58b0 e-con-full e-flex e-con e-child\" data-id=\"49a58b0\" data-element_type=\"container\">\n\t\t\t\t<div class=\"elementor-element elementor-element-a5d7bfe elementor-widget elementor-widget-heading\" data-id=\"a5d7bfe\" data-element_type=\"widget\" data-widget_type=\"heading.default\">\n\t\t\t\t<div class=\"elementor-widget-container\">\n\t\t\t<h2 class=\"elementor-heading-title elementor-size-default\">Comit\u00ea Executivo Administrativo\n<\/h2>\t\t<\/div>\n\t\t\t\t<\/div>\n\t\t\t\t<div class=\"elementor-element elementor-element-5b36b4d elementor-widget elementor-widget-text-editor\" data-id=\"5b36b4d\" data-element_type=\"widget\" data-widget_type=\"text-editor.default\">\n\t\t\t\t<div class=\"elementor-widget-container\">\n\t\t\t<style>\/*! elementor - v3.22.0 - 26-06-2024 *\/\n.elementor-widget-text-editor.elementor-drop-cap-view-stacked .elementor-drop-cap{background-color:#69727d;color:#fff}.elementor-widget-text-editor.elementor-drop-cap-view-framed .elementor-drop-cap{color:#69727d;border:3px solid;background-color:transparent}.elementor-widget-text-editor:not(.elementor-drop-cap-view-default) .elementor-drop-cap{margin-top:8px}.elementor-widget-text-editor:not(.elementor-drop-cap-view-default) .elementor-drop-cap-letter{width:1em;height:1em}.elementor-widget-text-editor .elementor-drop-cap{float:left;text-align:center;line-height:1;font-size:50px}.elementor-widget-text-editor .elementor-drop-cap-letter{display:inline-block}<\/style>\t\t\t\t<p>Composto pelos s\u00f3cios da Start Investimentos, o Comit\u00ea Executivo desempenha um papel estrat\u00e9gico muito importante para que a empresa continue a crescer com a mesma qualidade que se prop\u00f5e desde a sua funda\u00e7\u00e3o. Os membros tem como atribui\u00e7\u00f5es: analisar e discutir temas que viabilizem a constru\u00e7\u00e3o da vis\u00e3o de futuro e planejamento estrat\u00e9gico da empresa, identificando possibilidades de melhorias.<br \/><br \/><strong>Respons\u00e1vel:<\/strong>\u00a0Henrique Zaina Zimmermann, CEA, CFP\u00ae<\/p>\t\t\t\t\t\t<\/div>\n\t\t\t\t<\/div>\n\t\t\t\t<\/div>\n\t\t\t\t\t<\/div>\n\t\t\t\t<\/div>\n\t\t<div class=\"elementor-element elementor-element-22e1dab e-flex e-con-boxed e-con e-parent\" data-id=\"22e1dab\" data-element_type=\"container\">\n\t\t\t\t\t<div class=\"e-con-inner\">\n\t\t<div class=\"elementor-element elementor-element-14fca9d e-con-full e-flex e-con e-child\" data-id=\"14fca9d\" data-element_type=\"container\">\n\t\t\t\t<div class=\"elementor-element elementor-element-687932b elementor-widget elementor-widget-image\" data-id=\"687932b\" data-element_type=\"widget\" data-widget_type=\"image.default\">\n\t\t\t\t<div class=\"elementor-widget-container\">\n\t\t\t\t\t\t\t\t\t\t\t\t\t<img decoding=\"async\" width=\"638\" height=\"616\" src=\"https:\/\/startaai.com.br\/wp-content\/uploads\/2024\/06\/COMITE2.webp\" class=\"attachment-large size-large wp-image-624\" alt=\"\" srcset=\"https:\/\/startaai.com.br\/wp-content\/uploads\/2024\/06\/COMITE2.webp 638w, https:\/\/startaai.com.br\/wp-content\/uploads\/2024\/06\/COMITE2-300x290.webp 300w\" sizes=\"(max-width: 638px) 100vw, 638px\" \/>\t\t\t\t\t\t\t\t\t\t\t\t\t<\/div>\n\t\t\t\t<\/div>\n\t\t\t\t<\/div>\n\t\t<div class=\"elementor-element elementor-element-fff2670 e-con-full e-flex e-con e-child\" data-id=\"fff2670\" data-element_type=\"container\">\n\t\t\t\t<div class=\"elementor-element elementor-element-be3a5a5 elementor-widget elementor-widget-heading\" data-id=\"be3a5a5\" data-element_type=\"widget\" data-widget_type=\"heading.default\">\n\t\t\t\t<div class=\"elementor-widget-container\">\n\t\t\t<h2 class=\"elementor-heading-title elementor-size-default\">Comit\u00ea de Aloca\u00e7\u00e3o<\/h2>\t\t<\/div>\n\t\t\t\t<\/div>\n\t\t\t\t<div class=\"elementor-element elementor-element-fa27777 elementor-widget elementor-widget-text-editor\" data-id=\"fa27777\" data-element_type=\"widget\" data-widget_type=\"text-editor.default\">\n\t\t\t\t<div class=\"elementor-widget-container\">\n\t\t\t\t\t\t\t<p>O Comit\u00ea realiza reuni\u00f5es para entender o racional das estrat\u00e9gias de cada um dos produtos. Os membros do Comit\u00ea de aloca\u00e7\u00e3o tamb\u00e9m s\u00e3o respons\u00e1veis pelo treinamento de todo time com rela\u00e7\u00e3o aos produtos estudados, fazem estudos comparativos de investimentos e realizam reuni\u00f5es para apresentar a estrat\u00e9gia mais eficiente e adequada ao perfil e ao momento de vida do investidor.<\/p>\n<p><strong>Respons\u00e1vel:<\/strong>&nbsp;Gustavo Farias<\/p>\t\t\t\t\t\t<\/div>\n\t\t\t\t<\/div>\n\t\t\t\t<\/div>\n\t\t\t\t\t<\/div>\n\t\t\t\t<\/div>\n\t\t<div class=\"elementor-element elementor-element-af5dc2d e-flex e-con-boxed e-con e-parent\" data-id=\"af5dc2d\" data-element_type=\"container\">\n\t\t\t\t\t<div class=\"e-con-inner\">\n\t\t<div class=\"elementor-element elementor-element-0cba8a6 e-con-full e-flex e-con e-child\" data-id=\"0cba8a6\" data-element_type=\"container\">\n\t\t\t\t<div class=\"elementor-element elementor-element-758b85a elementor-widget elementor-widget-image\" data-id=\"758b85a\" data-element_type=\"widget\" data-widget_type=\"image.default\">\n\t\t\t\t<div class=\"elementor-widget-container\">\n\t\t\t\t\t\t\t\t\t\t\t\t\t<img decoding=\"async\" width=\"638\" height=\"814\" src=\"https:\/\/startaai.com.br\/wp-content\/uploads\/2024\/06\/COMITE3.webp\" class=\"attachment-large size-large wp-image-631\" alt=\"\" srcset=\"https:\/\/startaai.com.br\/wp-content\/uploads\/2024\/06\/COMITE3.webp 638w, https:\/\/startaai.com.br\/wp-content\/uploads\/2024\/06\/COMITE3-235x300.webp 235w\" sizes=\"(max-width: 638px) 100vw, 638px\" \/>\t\t\t\t\t\t\t\t\t\t\t\t\t<\/div>\n\t\t\t\t<\/div>\n\t\t\t\t<\/div>\n\t\t<div class=\"elementor-element elementor-element-6ef70a2 e-con-full e-flex e-con e-child\" data-id=\"6ef70a2\" data-element_type=\"container\">\n\t\t\t\t<div class=\"elementor-element elementor-element-bab58f4 elementor-widget elementor-widget-heading\" data-id=\"bab58f4\" data-element_type=\"widget\" data-widget_type=\"heading.default\">\n\t\t\t\t<div class=\"elementor-widget-container\">\n\t\t\t<h2 class=\"elementor-heading-title elementor-size-default\">Solu\u00e7\u00f5es financeiras<\/h2>\t\t<\/div>\n\t\t\t\t<\/div>\n\t\t\t\t<div class=\"elementor-element elementor-element-ef06727 elementor-widget elementor-widget-text-editor\" data-id=\"ef06727\" data-element_type=\"widget\" data-widget_type=\"text-editor.default\">\n\t\t\t\t<div class=\"elementor-widget-container\">\n\t\t\t\t\t\t\t<p>O principal prop\u00f3sito \u00e9 criar e manter um portf\u00f3lio diversificado de produtos e servi\u00e7os. A Start conta com um Comit\u00ea estrat\u00e9gico especial, com foco total em buscar diversas solu\u00e7\u00f5es. A equipe de profissionais tem vasta experi\u00eancia em grandes bancos e tem o apoio direto de todas as \u00e1reas da XP Empresas. Atuando com: Previd\u00eancia Privada , Cr\u00e9dito, C\u00e2mbio, Seguros, para pessoa f\u00edsica e jur\u00eddica. Os membros tamb\u00e9m s\u00e3o respons\u00e1veis pelo treinamento de todo time com rela\u00e7\u00e3o aos produtos e servi\u00e7os do nosso portf\u00f3lio. Com um olhar 360\u00ba para a vida do cliente e aplicando o m\u00e9todo Start de atendimento, nossa equipe ir\u00e1 identificar e sugerir as ferramentas sob medida para cada necessidade.<\/p>\n<p><strong>Respons\u00e1veis:<\/strong>&nbsp;Amanda Lins, CEA e Louise Freire, CEA<\/p>\t\t\t\t\t\t<\/div>\n\t\t\t\t<\/div>\n\t\t\t\t<\/div>\n\t\t\t\t\t<\/div>\n\t\t\t\t<\/div>\n\t\t\t\t<\/div>\n\t\t","protected":false},"excerpt":{"rendered":"<p>Comit\u00eas Comit\u00ea Executivo Administrativo Composto pelos s\u00f3cios da Start Investimentos, o Comit\u00ea Executivo desempenha um papel estrat\u00e9gico muito importante para [&hellip;]<\/p>\n","protected":false},"author":1,"featured_media":0,"parent":0,"menu_order":0,"comment_status":"closed","ping_status":"closed","template":"elementor_canvas","meta":{"_monsterinsights_skip_tracking":false,"_monsterinsights_sitenote_active":false,"_monsterinsights_sitenote_note":"","_monsterinsights_sitenote_category":0,"site-sidebar-layout":"no-sidebar","site-content-layout":"","ast-site-content-layout":"full-width-container","site-content-style":"default","site-sidebar-style":"default","ast-global-header-display":"","ast-banner-title-visibility":"","ast-main-header-display":"","ast-hfb-above-header-display":"","ast-hfb-below-header-display":"","ast-hfb-mobile-header-display":"","site-post-title":"disabled","ast-breadcrumbs-content":"","ast-featured-img":"disabled","footer-sml-layout":"","theme-transparent-header-meta":"","adv-header-id-meta":"","stick-header-meta":"","header-above-stick-meta":"","header-main-stick-meta":"","header-below-stick-meta":"","astra-migrate-meta-layouts":"default","ast-page-background-enabled":"default","ast-page-background-meta":{"desktop":{"background-color":"var(--ast-global-color-4)","background-image":"","background-repeat":"repeat","background-position":"center center","background-size":"auto","background-attachment":"scroll","background-type":"","background-media":"","overlay-type":"","overlay-color":"","overlay-gradient":""},"tablet":{"background-color":"","background-image":"","background-repeat":"repeat","background-position":"center center","background-size":"auto","background-attachment":"scroll","background-type":"","background-media":"","overlay-type":"","overlay-color":"","overlay-gradient":""},"mobile":{"background-color":"","background-image":"","background-repeat":"repeat","background-position":"center center","background-size":"auto","background-attachment":"scroll","background-type":"","background-media":"","overlay-type":"","overlay-color":"","overlay-gradient":""}},"ast-content-background-meta":{"desktop":{"background-color":"var(--ast-global-color-5)","background-image":"","background-repeat":"repeat","background-position":"center center","background-size":"auto","background-attachment":"scroll","background-type":"","background-media":"","overlay-type":"","overlay-color":"","overlay-gradient":""},"tablet":{"background-color":"var(--ast-global-color-5)","background-image":"","background-repeat":"repeat","background-position":"center center","background-size":"auto","background-attachment":"scroll","background-type":"","background-media":"","overlay-type":"","overlay-color":"","overlay-gradient":""},"mobile":{"background-color":"var(--ast-global-color-5)","background-image":"","background-repeat":"repeat","background-position":"center center","background-size":"auto","background-attachment":"scroll","background-type":"","background-media":"","overlay-type":"","overlay-color":"","overlay-gradient":""}},"_joinchat":[],"footnotes":""},"class_list":["post-104","page","type-page","status-publish","hentry"],"_links":{"self":[{"href":"https:\/\/startaai.com.br\/index.php\/wp-json\/wp\/v2\/pages\/104"}],"collection":[{"href":"https:\/\/startaai.com.br\/index.php\/wp-json\/wp\/v2\/pages"}],"about":[{"href":"https:\/\/startaai.com.br\/index.php\/wp-json\/wp\/v2\/types\/page"}],"author":[{"embeddable":true,"href":"https:\/\/startaai.com.br\/index.php\/wp-json\/wp\/v2\/users\/1"}],"replies":[{"embeddable":true,"href":"https:\/\/startaai.com.br\/index.php\/wp-json\/wp\/v2\/comments?post=104"}],"version-history":[{"count":37,"href":"https:\/\/startaai.com.br\/index.php\/wp-json\/wp\/v2\/pages\/104\/revisions"}],"predecessor-version":[{"id":1133,"href":"https:\/\/startaai.com.br\/index.php\/wp-json\/wp\/v2\/pages\/104\/revisions\/1133"}],"wp:attachment":[{"href":"https:\/\/startaai.com.br\/index.php\/wp-json\/wp\/v2\/media?parent=104"}],"curies":[{"name":"wp","href":"https:\/\/api.w.org\/{rel}","templated":true}]}}